{"id":848,"date":"2026-01-12T20:27:36","date_gmt":"2026-01-13T01:27:36","guid":{"rendered":"https:\/\/prestadista.com\/pa\/?page_id=848"},"modified":"2026-02-23T20:18:10","modified_gmt":"2026-02-24T01:18:10","slug":"contacto","status":"publish","type":"page","link":"https:\/\/prestadista.com\/pa\/contacto\/","title":{"rendered":"Contacto"},"content":{"rendered":"\t\t<div data-elementor-type=\"wp-page\" data-elementor-id=\"848\" class=\"elementor elementor-848\" data-elementor-settings=\"{&quot;element_pack_global_tooltip_width&quot;:{&quot;unit&quot;:&quot;px&quot;,&quot;size&quot;:&quot;&quot;,&quot;sizes&quot;:[]},&quot;element_pack_global_tooltip_width_tablet&quot;:{&quot;unit&quot;:&quot;px&quot;,&quot;size&quot;:&quot;&quot;,&quot;sizes&quot;:[]},&quot;element_pack_global_tooltip_width_mobile&quot;:{&quot;unit&quot;:&quot;px&quot;,&quot;size&quot;:&quot;&quot;,&quot;sizes&quot;:[]},&quot;element_pack_global_tooltip_padding&quot;:{&quot;unit&quot;:&quot;px&quot;,&quot;top&quot;:&quot;&quot;,&quot;right&quot;:&quot;&quot;,&quot;bottom&quot;:&quot;&quot;,&quot;left&quot;:&quot;&quot;,&quot;isLinked&quot;:true},&quot;element_pack_global_tooltip_padding_tablet&quot;:{&quot;unit&quot;:&quot;px&quot;,&quot;top&quot;:&quot;&quot;,&quot;right&quot;:&quot;&quot;,&quot;bottom&quot;:&quot;&quot;,&quot;left&quot;:&quot;&quot;,&quot;isLinked&quot;:true},&quot;element_pack_global_tooltip_padding_mobile&quot;:{&quot;unit&quot;:&quot;px&quot;,&quot;top&quot;:&quot;&quot;,&quot;right&quot;:&quot;&quot;,&quot;bottom&quot;:&quot;&quot;,&quot;left&quot;:&quot;&quot;,&quot;isLinked&quot;:true},&quot;element_pack_global_tooltip_border_radius&quot;:{&quot;unit&quot;:&quot;px&quot;,&quot;top&quot;:&quot;&quot;,&quot;right&quot;:&quot;&quot;,&quot;bottom&quot;:&quot;&quot;,&quot;left&quot;:&quot;&quot;,&quot;isLinked&quot;:true},&quot;element_pack_global_tooltip_border_radius_tablet&quot;:{&quot;unit&quot;:&quot;px&quot;,&quot;top&quot;:&quot;&quot;,&quot;right&quot;:&quot;&quot;,&quot;bottom&quot;:&quot;&quot;,&quot;left&quot;:&quot;&quot;,&quot;isLinked&quot;:true},&quot;element_pack_global_tooltip_border_radius_mobile&quot;:{&quot;unit&quot;:&quot;px&quot;,&quot;top&quot;:&quot;&quot;,&quot;right&quot;:&quot;&quot;,&quot;bottom&quot;:&quot;&quot;,&quot;left&quot;:&quot;&quot;,&quot;isLinked&quot;:true}}\">\n\t\t\t\t<div class=\"elementor-element elementor-element-29d2419 e-con-full e-flex e-con e-parent\" data-id=\"29d2419\" data-element_type=\"container\" data-e-type=\"container\">\n\t\t<div class=\"elementor-element elementor-element-a9e1b60 e-con-full e-flex e-con e-child\" data-id=\"a9e1b60\" data-element_type=\"container\" data-e-type=\"container\">\n\t\t\t\t<div class=\"elementor-element elementor-element-cc545a9 elementor-widget__width-initial elementor-invisible elementor-widget elementor-widget-heading\" data-id=\"cc545a9\" data-element_type=\"widget\" data-e-type=\"widget\" data-settings=\"{&quot;_animation&quot;:&quot;fadeInLeft&quot;,&quot;_animation_delay&quot;:200}\" data-widget_type=\"heading.default\">\n\t\t\t\t<div class=\"elementor-widget-container\">\n\t\t\t\t\t<h1 class=\"elementor-heading-title elementor-size-default\">Ponte en contacto con nosotros<\/h1>\t\t\t\t<\/div>\n\t\t\t\t<\/div>\n\t\t\t\t<div class=\"elementor-element elementor-element-0f495cd elementor-invisible elementor-widget elementor-widget-button\" data-id=\"0f495cd\" data-element_type=\"widget\" data-e-type=\"widget\" data-settings=\"{&quot;_animation&quot;:&quot;fadeInLeft&quot;,&quot;_animation_delay&quot;:400}\" data-widget_type=\"button.default\">\n\t\t\t\t<div class=\"elementor-widget-container\">\n\t\t\t\t\t\t\t\t\t<div class=\"elementor-button-wrapper\">\n\t\t\t\t\t<a class=\"elementor-button elementor-button-link elementor-size-sm\" href=\"#readmore\">\n\t\t\t\t\t\t<span class=\"elementor-button-content-wrapper\">\n\t\t\t\t\t\t<span class=\"elementor-button-icon\">\n\t\t\t\t<svg aria-hidden=\"true\" class=\"e-font-icon-svg e-fas-arrow-down\" viewBox=\"0 0 448 512\" xmlns=\"http:\/\/www.w3.org\/2000\/svg\"><path d=\"M413.1 222.5l22.2 22.2c9.4 9.4 9.4 24.6 0 33.9L241 473c-9.4 9.4-24.6 9.4-33.9 0L12.7 278.6c-9.4-9.4-9.4-24.6 0-33.9l22.2-22.2c9.5-9.5 25-9.3 34.3.4L184 343.4V56c0-13.3 10.7-24 24-24h32c13.3 0 24 10.7 24 24v287.4l114.8-120.5c9.3-9.8 24.8-10 34.3-.4z\"><\/path><\/svg>\t\t\t<\/span>\n\t\t\t\t\t\t\t\t\t<span class=\"elementor-button-text\">ENVIAR MENSAJE<\/span>\n\t\t\t\t\t<\/span>\n\t\t\t\t\t<\/a>\n\t\t\t\t<\/div>\n\t\t\t\t\t\t\t\t<\/div>\n\t\t\t\t<\/div>\n\t\t\t\t<\/div>\n\t\t<div class=\"elementor-element elementor-element-29a713d e-con-full e-flex e-con e-child\" data-id=\"29a713d\" data-element_type=\"container\" data-e-type=\"container\">\n\t\t\t\t<div class=\"elementor-element elementor-element-e35b52e elementor-widget-tablet__width-initial elementor-widget elementor-widget-image\" data-id=\"e35b52e\" data-element_type=\"widget\" data-e-type=\"widget\" data-settings=\"{&quot;_animation&quot;:&quot;none&quot;}\" data-widget_type=\"image.default\">\n\t\t\t\t<div class=\"elementor-widget-container\">\n\t\t\t\t\t\t\t\t\t\t\t\t\t\t\t<img fetchpriority=\"high\" decoding=\"async\" width=\"1048\" height=\"699\" src=\"https:\/\/prestadista.com\/pa\/wp-content\/uploads\/2025\/11\/prestadista-prestamos.jpg\" class=\"attachment-large size-large wp-image-136\" alt=\"\" srcset=\"https:\/\/prestadista.com\/pa\/wp-content\/uploads\/2025\/11\/prestadista-prestamos.jpg 1048w, https:\/\/prestadista.com\/pa\/wp-content\/uploads\/2025\/11\/prestadista-prestamos-500x333.jpg 500w, https:\/\/prestadista.com\/pa\/wp-content\/uploads\/2025\/11\/prestadista-prestamos-300x200.jpg 300w, https:\/\/prestadista.com\/pa\/wp-content\/uploads\/2025\/11\/prestadista-prestamos-768x512.jpg 768w, https:\/\/prestadista.com\/pa\/wp-content\/uploads\/2025\/11\/prestadista-prestamos-112x75.jpg 112w, https:\/\/prestadista.com\/pa\/wp-content\/uploads\/2025\/11\/prestadista-prestamos-700x467.jpg 700w\" sizes=\"(max-width:767px) 700px, (max-width:1048px) 100vw, 1048px\" \/>\t\t\t\t\t\t\t\t\t\t\t\t\t\t\t<\/div>\n\t\t\t\t<\/div>\n\t\t\t\t<\/div>\n\t\t\t\t<\/div>\n\t\t<div class=\"elementor-element elementor-element-18e377c e-flex e-con-boxed e-con e-parent\" data-id=\"18e377c\" data-element_type=\"container\" data-e-type=\"container\">\n\t\t\t\t\t<div class=\"e-con-inner\">\n\t\t\t\t<div class=\"elementor-element elementor-element-fc579aa elementor-widget elementor-widget-menu-anchor\" data-id=\"fc579aa\" data-element_type=\"widget\" data-e-type=\"widget\" data-widget_type=\"menu-anchor.default\">\n\t\t\t\t<div class=\"elementor-widget-container\">\n\t\t\t\t\t\t\t<div class=\"elementor-menu-anchor\" id=\"readmore\"><\/div>\n\t\t\t\t\t\t<\/div>\n\t\t\t\t<\/div>\n\t\t\t\t\t<\/div>\n\t\t\t\t<\/div>\n\t\t<div class=\"elementor-element elementor-element-c765a22 e-con-full e-flex e-con e-parent\" data-id=\"c765a22\" data-element_type=\"container\" data-e-type=\"container\">\n\t\t\t\t<div class=\"elementor-element elementor-element-ed76e80 elementor-view-framed elementor-shape-rounded elementor-position-inline-start elementor-mobile-position-inline-start elementor-widget__width-initial elementor-widget elementor-widget-icon-box\" data-id=\"ed76e80\" data-element_type=\"widget\" data-e-type=\"widget\" data-widget_type=\"icon-box.default\">\n\t\t\t\t<div class=\"elementor-widget-container\">\n\t\t\t\t\t\t\t<div class=\"elementor-icon-box-wrapper\">\n\n\t\t\t\t\t\t<div class=\"elementor-icon-box-icon\">\n\t\t\t\t<span  class=\"elementor-icon\">\n\t\t\t\t<svg xmlns=\"http:\/\/www.w3.org\/2000\/svg\" width=\"48\" height=\"48\" viewBox=\"0 0 48 48\" fill=\"none\"><path d=\"M15.832 26.6681C13.6721 27.6209 12.332 28.9487 12.332 30.4173C12.332 33.3168 17.5554 35.6673 23.9987 35.6673C30.442 35.6673 35.6654 33.3168 35.6654 30.4173C35.6654 28.9487 34.3253 27.6209 32.1654 26.6681M30.9987 19.334C30.9987 24.075 25.7487 26.334 23.9987 29.834C22.2487 26.334 16.9987 24.075 16.9987 19.334C16.9987 15.468 20.1327 12.334 23.9987 12.334C27.8647 12.334 30.9987 15.468 30.9987 19.334ZM25.1654 19.334C25.1654 19.9783 24.643 20.5007 23.9987 20.5007C23.3544 20.5007 22.832 19.9783 22.832 19.334C22.832 18.6897 23.3544 18.1673 23.9987 18.1673C24.643 18.1673 25.1654 18.6897 25.1654 19.334Z\" stroke=\"#1D3738\" stroke-width=\"2\" stroke-linecap=\"round\" stroke-linejoin=\"round\"><\/path><\/svg>\t\t\t\t<\/span>\n\t\t\t<\/div>\n\t\t\t\n\t\t\t\t\t\t<div class=\"elementor-icon-box-content\">\n\n\t\t\t\t\t\t\t\t\t<h4 class=\"elementor-icon-box-title\">\n\t\t\t\t\t\t<span  >\n\t\t\t\t\t\t\tRep\u00fablica de Panam\u00e1\t\t\t\t\t\t<\/span>\n\t\t\t\t\t<\/h4>\n\t\t\t\t\n\t\t\t\t\n\t\t\t<\/div>\n\t\t\t\n\t\t<\/div>\n\t\t\t\t\t\t<\/div>\n\t\t\t\t<\/div>\n\t\t\t\t<div class=\"elementor-element elementor-element-dfbed77 elementor-view-framed elementor-shape-rounded elementor-position-inline-start elementor-mobile-position-inline-start elementor-widget__width-initial elementor-widget elementor-widget-icon-box\" data-id=\"dfbed77\" data-element_type=\"widget\" data-e-type=\"widget\" data-widget_type=\"icon-box.default\">\n\t\t\t\t<div class=\"elementor-widget-container\">\n\t\t\t\t\t\t\t<div class=\"elementor-icon-box-wrapper\">\n\n\t\t\t\t\t\t<div class=\"elementor-icon-box-icon\">\n\t\t\t\t<a href=\"mailto:noreply@envato.com\" class=\"elementor-icon\" tabindex=\"-1\" aria-label=\"hola@prestadista.com\">\n\t\t\t\t<svg xmlns=\"http:\/\/www.w3.org\/2000\/svg\" width=\"48\" height=\"48\" viewBox=\"0 0 48 48\" fill=\"none\"><path d=\"M12.332 18.166L18.3915 22.2057C18.7411 22.4387 18.9159 22.5553 19.105 22.6378C19.2728 22.7111 19.4487 22.7643 19.629 22.7965C19.8322 22.8327 20.0422 22.8327 20.4624 22.8327H27.535C27.9551 22.8327 28.1652 22.8327 28.3684 22.7965C28.5487 22.7643 28.7246 22.7111 28.8924 22.6378C29.0815 22.5553 29.2563 22.4387 29.6059 22.2057L35.6654 18.166M17.932 33.3327H30.0654C32.0255 33.3327 33.0056 33.3327 33.7543 32.9512C34.4129 32.6156 34.9483 32.0802 35.2839 31.4217C35.6654 30.673 35.6654 29.6929 35.6654 27.7327V20.266C35.6654 18.3058 35.6654 17.3257 35.2839 16.577C34.9483 15.9185 34.4129 15.383 33.7543 15.0475C33.0056 14.666 32.0255 14.666 30.0654 14.666H17.932C15.9718 14.666 14.9918 14.666 14.2431 15.0475C13.5845 15.383 13.0491 15.9185 12.7135 16.577C12.332 17.3257 12.332 18.3058 12.332 20.266V27.7327C12.332 29.6929 12.332 30.673 12.7135 31.4217C13.0491 32.0802 13.5845 32.6156 14.2431 32.9512C14.9918 33.3327 15.9718 33.3327 17.932 33.3327Z\" stroke=\"#1D3738\" stroke-width=\"2\" stroke-linecap=\"round\" stroke-linejoin=\"round\"><\/path><\/svg>\t\t\t\t<\/a>\n\t\t\t<\/div>\n\t\t\t\n\t\t\t\t\t\t<div class=\"elementor-icon-box-content\">\n\n\t\t\t\t\t\t\t\t\t<h4 class=\"elementor-icon-box-title\">\n\t\t\t\t\t\t<a href=\"mailto:noreply@envato.com\" >\n\t\t\t\t\t\t\thola@prestadista.com\t\t\t\t\t\t<\/a>\n\t\t\t\t\t<\/h4>\n\t\t\t\t\n\t\t\t\t\n\t\t\t<\/div>\n\t\t\t\n\t\t<\/div>\n\t\t\t\t\t\t<\/div>\n\t\t\t\t<\/div>\n\t\t\t\t<\/div>\n\t\t<div class=\"elementor-element elementor-element-30e6161 e-con-full e-flex e-con e-parent\" data-id=\"30e6161\" data-element_type=\"container\" data-e-type=\"container\">\n\t\t<div class=\"elementor-element elementor-element-68a4694 e-con-full e-flex e-con e-child\" data-id=\"68a4694\" data-element_type=\"container\" data-e-type=\"container\" data-settings=\"{&quot;background_background&quot;:&quot;classic&quot;}\">\n\t\t\t\t<div class=\"elementor-element elementor-element-2430fe2 elementor-widget elementor-widget-spacer\" data-id=\"2430fe2\" data-element_type=\"widget\" data-e-type=\"widget\" data-widget_type=\"spacer.default\">\n\t\t\t\t<div class=\"elementor-widget-container\">\n\t\t\t\t\t\t\t<div class=\"elementor-spacer\">\n\t\t\t<div class=\"elementor-spacer-inner\"><\/div>\n\t\t<\/div>\n\t\t\t\t\t\t<\/div>\n\t\t\t\t<\/div>\n\t\t\t\t<\/div>\n\t\t<div class=\"elementor-element elementor-element-8dc2e7a e-con-full e-flex e-con e-child\" data-id=\"8dc2e7a\" data-element_type=\"container\" data-e-type=\"container\" data-settings=\"{&quot;background_background&quot;:&quot;classic&quot;}\">\n\t\t\t\t<div class=\"elementor-element elementor-element-04f4efe elementor-widget elementor-widget-heading\" data-id=\"04f4efe\" data-element_type=\"widget\" data-e-type=\"widget\" data-widget_type=\"heading.default\">\n\t\t\t\t<div class=\"elementor-widget-container\">\n\t\t\t\t\t<h3 class=\"elementor-heading-title elementor-size-default\">\u00bfTienes alguna pregunta? Por favor completa el formulario<\/h3>\t\t\t\t<\/div>\n\t\t\t\t<\/div>\n\t\t\t\t<div class=\"elementor-element elementor-element-ad8cb06 elementor-widget elementor-widget-shortcode\" data-id=\"ad8cb06\" data-element_type=\"widget\" data-e-type=\"widget\" data-widget_type=\"shortcode.default\">\n\t\t\t\t<div class=\"elementor-widget-container\">\n\t\t\t\t\t\t\t<div class=\"elementor-shortcode\">\n<div class=\"wpcf7 no-js\" id=\"wpcf7-f1223-o1\" lang=\"es-ES\" dir=\"ltr\" data-wpcf7-id=\"1223\">\n<div class=\"screen-reader-response\"><p role=\"status\" aria-live=\"polite\" aria-atomic=\"true\"><\/p> <ul><\/ul><\/div>\n<form action=\"\/pa\/wp-json\/wp\/v2\/pages\/848#wpcf7-f1223-o1\" method=\"post\" class=\"wpcf7-form init\" aria-label=\"Formulario de contacto\" novalidate=\"novalidate\" data-status=\"init\">\n<fieldset class=\"hidden-fields-container\"><input type=\"hidden\" name=\"_wpcf7\" value=\"1223\" \/><input type=\"hidden\" name=\"_wpcf7_version\" value=\"6.1.5\" \/><input type=\"hidden\" name=\"_wpcf7_locale\" value=\"es_ES\" \/><input type=\"hidden\" name=\"_wpcf7_unit_tag\" value=\"wpcf7-f1223-o1\" \/><input type=\"hidden\" name=\"_wpcf7_container_post\" value=\"0\" \/><input type=\"hidden\" name=\"_wpcf7_posted_data_hash\" value=\"\" \/><input type=\"hidden\" name=\"_wpcf7_recaptcha_response\" value=\"\" \/>\n<\/fieldset>\n<div class=\"column one\">\n\t<p><span class=\"wpcf7-form-control-wrap\" data-name=\"your-name\"><input size=\"40\" maxlength=\"400\" class=\"wpcf7-form-control wpcf7-text wpcf7-validates-as-required\" id=\"f5613c4-your-name\" aria-required=\"true\" aria-invalid=\"false\" placeholder=\"Nombre *\" value=\"\" type=\"text\" name=\"your-name\" \/><\/span>\n\t<\/p>\n<\/div>\n<div class=\"column one\">\n\t<p><span class=\"wpcf7-form-control-wrap\" data-name=\"your-email\"><input size=\"40\" maxlength=\"400\" class=\"wpcf7-form-control wpcf7-email wpcf7-validates-as-required wpcf7-text wpcf7-validates-as-email\" id=\"f5613c4-your-email\" aria-required=\"true\" aria-invalid=\"false\" placeholder=\"Correo Electr\u00f3nico *\" value=\"\" type=\"email\" name=\"your-email\" \/><\/span>\n\t<\/p>\n<\/div>\n<div class=\"column one\">\n\t<p><span class=\"wpcf7-form-control-wrap\" data-name=\"your-phone\"><input size=\"40\" maxlength=\"400\" class=\"wpcf7-form-control wpcf7-tel wpcf7-validates-as-required wpcf7-text wpcf7-validates-as-tel\" id=\"f5613c4-your-phone\" aria-required=\"true\" aria-invalid=\"false\" placeholder=\"Tel\u00e9fono *\" value=\"\" type=\"tel\" name=\"your-phone\" \/><\/span>\n\t<\/p>\n<\/div>\n<div class=\"column one\" style=\"margin-bottom: 40px\">\n\t<p><span class=\"wpcf7-form-control-wrap\" data-name=\"your-message\"><textarea cols=\"40\" rows=\"1\" maxlength=\"2000\" class=\"wpcf7-form-control wpcf7-textarea\" id=\"f5613c4-your-message\" aria-invalid=\"false\" placeholder=\"Mensaje...\" name=\"your-message\"><\/textarea><\/span>\n\t<\/p>\n<\/div>\n<div class=\"column one\">\n\t<p><input class=\"wpcf7-form-control wpcf7-submit has-spinner\" type=\"submit\" value=\"ENVIAR MENSAJE\" \/>\n\t<\/p>\n<\/div><div class=\"wpcf7-response-output\" aria-hidden=\"true\"><\/div>\n<\/form>\n<\/div>\n<\/div>\n\t\t\t\t\t\t<\/div>\n\t\t\t\t<\/div>\n\t\t\t\t<\/div>\n\t\t\t\t<\/div>\n\t\t\t\t<\/div>\n\t\t","protected":false},"excerpt":{"rendered":"<p>Ponte en contacto con nosotros ENVIAR MENSAJE Rep\u00fablica de Panam\u00e1 hola@prestadista.com \u00bfTienes alguna pregunta? Por favor completa el formulario<\/p>\n","protected":false},"author":1,"featured_media":465,"parent":0,"menu_order":0,"comment_status":"open","ping_status":"closed","template":"","meta":{"nf_dc_page":"","footnotes":""},"class_list":["post-848","page","type-page","status-publish","has-post-thumbnail","hentry"],"yoast_head":"<!-- This site is optimized with the Yoast SEO plugin v27.2 - https:\/\/yoast.com\/product\/yoast-seo-wordpress\/ -->\n<title>Cont\u00e1ctenos en Prestadista<\/title>\n<meta name=\"robots\" content=\"index, follow, max-snippet:-1, max-image-preview:large, max-video-preview:-1\" \/>\n<link rel=\"canonical\" href=\"https:\/\/prestadista.com\/pa\/contacto\/\" \/>\n<meta property=\"og:locale\" content=\"es_ES\" \/>\n<meta property=\"og:type\" content=\"article\" \/>\n<meta property=\"og:title\" content=\"Cont\u00e1ctenos en Prestadista\" \/>\n<meta property=\"og:description\" content=\"Ponte en contacto con nosotros ENVIAR MENSAJE Rep\u00fablica de Panam\u00e1 hola@prestadista.com \u00bfTienes alguna pregunta? Por favor completa el formulario\" \/>\n<meta property=\"og:url\" content=\"https:\/\/prestadista.com\/pa\/contacto\/\" \/>\n<meta property=\"og:site_name\" content=\"Prestadista\" \/>\n<meta property=\"article:publisher\" content=\"https:\/\/www.facebook.com\/prestadista\/\" \/>\n<meta property=\"article:modified_time\" content=\"2026-02-24T01:18:10+00:00\" \/>\n<meta property=\"og:image\" content=\"https:\/\/prestadista.com\/pa\/wp-content\/uploads\/2025\/11\/prestadista-prestamos-en-la-republica-de-panama.webp\" \/>\n\t<meta property=\"og:image:width\" content=\"1920\" \/>\n\t<meta property=\"og:image:height\" content=\"1080\" \/>\n\t<meta property=\"og:image:type\" content=\"image\/webp\" \/>\n<meta name=\"twitter:card\" content=\"summary_large_image\" \/>\n<meta name=\"twitter:label1\" content=\"Tiempo de lectura\" \/>\n\t<meta name=\"twitter:data1\" content=\"1 minuto\" \/>\n<script type=\"application\/ld+json\" class=\"yoast-schema-graph\">{\"@context\":\"https:\/\/schema.org\",\"@graph\":[{\"@type\":\"WebPage\",\"@id\":\"https:\/\/prestadista.com\/pa\/contacto\/\",\"url\":\"https:\/\/prestadista.com\/pa\/contacto\/\",\"name\":\"Cont\u00e1ctenos en Prestadista\",\"isPartOf\":{\"@id\":\"https:\/\/prestadista.com\/pa\/#website\"},\"primaryImageOfPage\":{\"@id\":\"https:\/\/prestadista.com\/pa\/contacto\/#primaryimage\"},\"image\":{\"@id\":\"https:\/\/prestadista.com\/pa\/contacto\/#primaryimage\"},\"thumbnailUrl\":\"https:\/\/prestadista.com\/pa\/wp-content\/uploads\/2025\/11\/prestadista-prestamos-en-la-republica-de-panama.webp\",\"datePublished\":\"2026-01-13T01:27:36+00:00\",\"dateModified\":\"2026-02-24T01:18:10+00:00\",\"breadcrumb\":{\"@id\":\"https:\/\/prestadista.com\/pa\/contacto\/#breadcrumb\"},\"inLanguage\":\"es\",\"potentialAction\":[{\"@type\":\"ReadAction\",\"target\":[\"https:\/\/prestadista.com\/pa\/contacto\/\"]}]},{\"@type\":\"ImageObject\",\"inLanguage\":\"es\",\"@id\":\"https:\/\/prestadista.com\/pa\/contacto\/#primaryimage\",\"url\":\"https:\/\/prestadista.com\/pa\/wp-content\/uploads\/2025\/11\/prestadista-prestamos-en-la-republica-de-panama.webp\",\"contentUrl\":\"https:\/\/prestadista.com\/pa\/wp-content\/uploads\/2025\/11\/prestadista-prestamos-en-la-republica-de-panama.webp\",\"width\":1920,\"height\":1080},{\"@type\":\"BreadcrumbList\",\"@id\":\"https:\/\/prestadista.com\/pa\/contacto\/#breadcrumb\",\"itemListElement\":[{\"@type\":\"ListItem\",\"position\":1,\"name\":\"Portada\",\"item\":\"https:\/\/prestadista.com\/pa\/\"},{\"@type\":\"ListItem\",\"position\":2,\"name\":\"Contacto\"}]},{\"@type\":\"WebSite\",\"@id\":\"https:\/\/prestadista.com\/pa\/#website\",\"url\":\"https:\/\/prestadista.com\/pa\/\",\"name\":\"Prestadista\",\"description\":\"\",\"potentialAction\":[{\"@type\":\"SearchAction\",\"target\":{\"@type\":\"EntryPoint\",\"urlTemplate\":\"https:\/\/prestadista.com\/pa\/?s={search_term_string}\"},\"query-input\":{\"@type\":\"PropertyValueSpecification\",\"valueRequired\":true,\"valueName\":\"search_term_string\"}}],\"inLanguage\":\"es\"}]}<\/script>\n<!-- \/ Yoast SEO plugin. -->","yoast_head_json":{"title":"Cont\u00e1ctenos en Prestadista","robots":{"index":"index","follow":"follow","max-snippet":"max-snippet:-1","max-image-preview":"max-image-preview:large","max-video-preview":"max-video-preview:-1"},"canonical":"https:\/\/prestadista.com\/pa\/contacto\/","og_locale":"es_ES","og_type":"article","og_title":"Cont\u00e1ctenos en Prestadista","og_description":"Ponte en contacto con nosotros ENVIAR MENSAJE Rep\u00fablica de Panam\u00e1 hola@prestadista.com \u00bfTienes alguna pregunta? Por favor completa el formulario","og_url":"https:\/\/prestadista.com\/pa\/contacto\/","og_site_name":"Prestadista","article_publisher":"https:\/\/www.facebook.com\/prestadista\/","article_modified_time":"2026-02-24T01:18:10+00:00","og_image":[{"width":1920,"height":1080,"url":"https:\/\/prestadista.com\/pa\/wp-content\/uploads\/2025\/11\/prestadista-prestamos-en-la-republica-de-panama.webp","type":"image\/webp"}],"twitter_card":"summary_large_image","twitter_misc":{"Tiempo de lectura":"1 minuto"},"schema":{"@context":"https:\/\/schema.org","@graph":[{"@type":"WebPage","@id":"https:\/\/prestadista.com\/pa\/contacto\/","url":"https:\/\/prestadista.com\/pa\/contacto\/","name":"Cont\u00e1ctenos en Prestadista","isPartOf":{"@id":"https:\/\/prestadista.com\/pa\/#website"},"primaryImageOfPage":{"@id":"https:\/\/prestadista.com\/pa\/contacto\/#primaryimage"},"image":{"@id":"https:\/\/prestadista.com\/pa\/contacto\/#primaryimage"},"thumbnailUrl":"https:\/\/prestadista.com\/pa\/wp-content\/uploads\/2025\/11\/prestadista-prestamos-en-la-republica-de-panama.webp","datePublished":"2026-01-13T01:27:36+00:00","dateModified":"2026-02-24T01:18:10+00:00","breadcrumb":{"@id":"https:\/\/prestadista.com\/pa\/contacto\/#breadcrumb"},"inLanguage":"es","potentialAction":[{"@type":"ReadAction","target":["https:\/\/prestadista.com\/pa\/contacto\/"]}]},{"@type":"ImageObject","inLanguage":"es","@id":"https:\/\/prestadista.com\/pa\/contacto\/#primaryimage","url":"https:\/\/prestadista.com\/pa\/wp-content\/uploads\/2025\/11\/prestadista-prestamos-en-la-republica-de-panama.webp","contentUrl":"https:\/\/prestadista.com\/pa\/wp-content\/uploads\/2025\/11\/prestadista-prestamos-en-la-republica-de-panama.webp","width":1920,"height":1080},{"@type":"BreadcrumbList","@id":"https:\/\/prestadista.com\/pa\/contacto\/#breadcrumb","itemListElement":[{"@type":"ListItem","position":1,"name":"Portada","item":"https:\/\/prestadista.com\/pa\/"},{"@type":"ListItem","position":2,"name":"Contacto"}]},{"@type":"WebSite","@id":"https:\/\/prestadista.com\/pa\/#website","url":"https:\/\/prestadista.com\/pa\/","name":"Prestadista","description":"","potentialAction":[{"@type":"SearchAction","target":{"@type":"EntryPoint","urlTemplate":"https:\/\/prestadista.com\/pa\/?s={search_term_string}"},"query-input":{"@type":"PropertyValueSpecification","valueRequired":true,"valueName":"search_term_string"}}],"inLanguage":"es"}]}},"_links":{"self":[{"href":"https:\/\/prestadista.com\/pa\/wp-json\/wp\/v2\/pages\/848","targetHints":{"allow":["GET"]}}],"collection":[{"href":"https:\/\/prestadista.com\/pa\/wp-json\/wp\/v2\/pages"}],"about":[{"href":"https:\/\/prestadista.com\/pa\/wp-json\/wp\/v2\/types\/page"}],"author":[{"embeddable":true,"href":"https:\/\/prestadista.com\/pa\/wp-json\/wp\/v2\/users\/1"}],"replies":[{"embeddable":true,"href":"https:\/\/prestadista.com\/pa\/wp-json\/wp\/v2\/comments?post=848"}],"version-history":[{"count":22,"href":"https:\/\/prestadista.com\/pa\/wp-json\/wp\/v2\/pages\/848\/revisions"}],"predecessor-version":[{"id":1927,"href":"https:\/\/prestadista.com\/pa\/wp-json\/wp\/v2\/pages\/848\/revisions\/1927"}],"wp:featuredmedia":[{"embeddable":true,"href":"https:\/\/prestadista.com\/pa\/wp-json\/wp\/v2\/media\/465"}],"wp:attachment":[{"href":"https:\/\/prestadista.com\/pa\/wp-json\/wp\/v2\/media?parent=848"}],"curies":[{"name":"wp","href":"https:\/\/api.w.org\/{rel}","templated":true}]}}